{"id":2066,"date":"2019-11-21T00:10:48","date_gmt":"2019-11-21T00:10:48","guid":{"rendered":"https:\/\/www.asling.org\/tc41\/?page_id=2066"},"modified":"2019-12-30T08:07:25","modified_gmt":"2019-12-30T08:07:25","slug":"downloads","status":"publish","type":"page","link":"https:\/\/www.asling.org\/tc41\/?page_id=2066","title":{"rendered":"Download the Proceedings"},"content":{"rendered":"<p style=\"text-align: right;\"><span style=\"color: #ffffff;\"><a href=\"https:\/\/www.asling.org\/tc41\/?page_id=2078\" class=\"su-button su-button-style-flat\" style=\"color:#ffffff;background-color:#2D89EF;border-color:#246ec0;border-radius:7px\" target=\"_self\"><span style=\"color:#ffffff;padding:0px 20px;font-size:16px;line-height:32px;border-color:#6cadf4;border-radius:7px;text-shadow:none\"> Presentation slides also available<\/span><\/a>X<\/span><\/p>\n<h3 style=\"text-align: center;\"><span style=\"font-family: arial, helvetica, sans-serif;\"><strong>Full bundle<\/strong><\/span><\/h3>\n<p style=\"text-align: center;\"><a href=\"https:\/\/www.asling.org\/tc41\/wp-content\/uploads\/TC41-Proceedings.pdf\"><img loading=\"lazy\" decoding=\"async\" class=\"alignnone wp-image-2310\" src=\"https:\/\/www.asling.org\/tc41\/wp-content\/uploads\/Proceedings-1-213x300.png\" alt=\"\" width=\"162\" height=\"228\" srcset=\"https:\/\/www.asling.org\/tc41\/wp-content\/uploads\/Proceedings-1-213x300.png 213w, https:\/\/www.asling.org\/tc41\/wp-content\/uploads\/Proceedings-1-106x150.png 106w, https:\/\/www.asling.org\/tc41\/wp-content\/uploads\/Proceedings-1.png 553w\" sizes=\"auto, (max-width: 162px) 100vw, 162px\" \/><\/a><\/p>\n<hr \/>\n<h3><strong><span style=\"font-family: arial, helvetica, sans-serif;\">Individual contributions<\/span><\/strong><\/h3>\n<table style=\"border: 0px; width: 100%; height: 412px;\">\n<tbody>\n<tr style=\"height: 26px;\">\n<td style=\"width: 50%; border-style: none; vertical-align: top; height: 26px;\">\u00a0<\/td>\n<td style=\"width: 50%; vertical-align: top; height: 26px;\"><span style=\"font-family: arial, helvetica, sans-serif;\"><strong><a href=\"https:\/\/www.asling.org\/tc41\/wp-content\/uploads\/TC41-Proceedings_intro.pdf\">Introduction<\/a><\/strong><\/span><\/td>\n<\/tr>\n<tr style=\"height: 26px;\">\n<td style=\"width: 50%; border-style: none; vertical-align: top; height: 26px;\">\u00a0<\/td>\n<td style=\"width: 50%; vertical-align: top; height: 26px;\"><span style=\"font-family: arial, helvetica, sans-serif;\"><a href=\"https:\/\/www.asling.org\/tc41\/wp-content\/uploads\/TC41-Proceedings_contents.pdf\"><strong>Contents<\/strong><\/a><\/span><\/td>\n<\/tr>\n<tr style=\"height: 24px;\">\n<td style=\"width: 50%; vertical-align: top; height: 24px;\"><span style=\"font-family: arial, helvetica, sans-serif;\">Josep Bonet (WTO)<\/span><\/td>\n<td style=\"width: 50%; vertical-align: top; height: 24px;\"><span style=\"font-family: arial, helvetica, sans-serif;\"><a href=\"https:\/\/www.asling.org\/tc41\/wp-content\/uploads\/TC41-Proceedings_5-9.pdf\"><strong>Innovation in the International Organisation: Can We Do Better?<\/strong><\/a><\/span><\/td>\n<\/tr>\n<tr style=\"height: 24px;\">\n<td style=\"width: 20%; vertical-align: top; height: 24px;\"><span style=\"font-family: arial, helvetica, sans-serif;\">Denis Dechandon (EPO), Maria Recort Ruiz (ILO) and Aniko Gerencser (EPO)<\/span><\/td>\n<td style=\"width: 50%; vertical-align: top; height: 24px;\"><span style=\"font-family: arial, helvetica, sans-serif;\"><a href=\"https:\/\/www.asling.org\/tc41\/wp-content\/uploads\/TC41-Proceedings_10-26.pdf\">Terminology: Towards a Systematic Integration of Semantics and Metadata<br \/>\n<\/a><\/span><\/td>\n<\/tr>\n<tr style=\"height: 24px;\">\n<td style=\"width: 20%; vertical-align: top; height: 24px;\"><span style=\"font-family: arial, helvetica, sans-serif;\">Emmanuelle Esperan\u00e7a-Rodier, Francis Brunet-Manquat and Sophia Eady (Univ. of Grenoble-Alpes)<\/span><\/td>\n<td style=\"width: 50%; vertical-align: top; height: 24px;\"><span style=\"font-family: arial, helvetica, sans-serif;\"><a href=\"https:\/\/www.asling.org\/tc41\/wp-content\/uploads\/TC41-Proceedings_27-35.pdf\"><strong>Accol\u00e9: A Collaborative Platform of Error Annotation for Aligned Corpora<\/strong><\/a><\/span><\/td>\n<\/tr>\n<tr style=\"height: 24px;\">\n<td style=\"width: 20%; vertical-align: top; height: 24px;\"><span style=\"font-family: arial, helvetica, sans-serif;\">Emmanuelle Esperan\u00e7a-Rodier and Caroline Rossi (Univ. of Grenoble-Alpes)<\/span><\/td>\n<td style=\"width: 50%; vertical-align: top; height: 24px;\"><span style=\"font-family: arial, helvetica, sans-serif;\"><a href=\"https:\/\/www.asling.org\/tc41\/wp-content\/uploads\/TC41-Proceedings_36-46.pdf\"><strong>Time is Everything: A Comparative Study of Human Evaluation of SMT vs. NMT<\/strong><\/a><\/span><\/td>\n<\/tr>\n<tr style=\"height: 24px;\">\n<td style=\"width: 20%; vertical-align: top; height: 24px;\"><span style=\"font-family: arial, helvetica, sans-serif; font-size: inherit;\">Sabrina Girletti, Pierrette Bouillon, Martina Bellodi and Philipp Ursprung (Univ. of Geneva)<\/span><\/td>\n<td style=\"width: 50%; vertical-align: top; height: 24px;\"><span style=\"font-family: arial, helvetica, sans-serif;\"><a href=\"https:\/\/www.asling.org\/tc41\/wp-content\/uploads\/TC41-Proceedings_47-59.pdf\"><strong>Preferences of End-Users for Raw and Post-Edited NMT in a Business Environment<\/strong><\/a><\/span><\/td>\n<\/tr>\n<tr style=\"height: 24px;\">\n<td style=\"width: 20%; vertical-align: top; height: 24px;\"><span style=\"font-family: arial, helvetica, sans-serif;\">Christopher Gledhill and Maria Zimina (Univ. Paris-Diderot)<\/span><\/td>\n<td style=\"width: 50%; vertical-align: top; height: 24px;\"><span style=\"font-family: arial, helvetica, sans-serif;\"><a href=\"https:\/\/www.asling.org\/tc41\/wp-content\/uploads\/TC41-Proceedings_60-73.pdf\"><strong>The Impact of MT on a Masters Course in Web Translation<\/strong><\/a><\/span><\/td>\n<\/tr>\n<tr style=\"height: 24px;\">\n<td style=\"width: 20%; vertical-align: top; height: 24px;\"><span style=\"font-family: arial, helvetica, sans-serif;\">Luc\u00eda Guerrero and Kirill Soloviev (CPSL and ContentQuo)<\/span><\/td>\n<td style=\"width: 50%; vertical-align: top; height: 24px;\"><span style=\"font-family: arial, helvetica, sans-serif;\"><a href=\"https:\/\/www.asling.org\/tc41\/wp-content\/uploads\/TC41-Proceedings_74-82.pdf\"><strong>Machine Translation Evaluation at CPSL with ContentQuo<\/strong><\/a><\/span><\/td>\n<\/tr>\n<tr style=\"height: 24px;\">\n<td style=\"width: 20%; vertical-align: top; height: 24px;\"><span style=\"font-family: arial, helvetica, sans-serif;\">Marion Kaczmarek and Michael Filhol (LIMSI)<\/span><\/td>\n<td style=\"width: 50%; vertical-align: top; height: 24px;\"><span style=\"font-family: arial, helvetica, sans-serif;\"><a href=\"https:\/\/www.asling.org\/tc41\/wp-content\/uploads\/TC41-Proceedings_83-92.pdf\"><strong>Assisting Sign Language Translation<\/strong><\/a><\/span><\/td>\n<\/tr>\n<tr style=\"height: 24px;\">\n<td style=\"width: 20%; vertical-align: top; height: 24px;\"><span style=\"font-family: arial, helvetica, sans-serif;\">Rodolfo Maslias (European Parliament)<\/span><\/td>\n<td style=\"width: 50%; vertical-align: top; height: 24px;\"><span style=\"font-family: arial, helvetica, sans-serif;\"><a href=\"https:\/\/www.asling.org\/tc41\/wp-content\/uploads\/TC41-Proceedings_93-94.pdf\"><strong>New Audiences for Terminology<\/strong><\/a><\/span><\/td>\n<\/tr>\n<tr style=\"height: 24px;\">\n<td style=\"width: 20%; vertical-align: top; height: 24px;\"><span style=\"font-family: arial, helvetica, sans-serif;\">Jean-Francois Richard (Terminotix)<\/span><\/td>\n<td style=\"width: 50%; vertical-align: top; height: 24px;\"><span style=\"font-family: arial, helvetica, sans-serif;\"><a href=\"https:\/\/www.asling.org\/tc41\/wp-content\/uploads\/TC41-Proceedings_95-100.pdf\"><strong>Terminology extraction as a tool for MT output<\/strong><\/a><\/span><\/td>\n<\/tr>\n<tr style=\"height: 24px;\">\n<td style=\"width: 20%; vertical-align: top; height: 24px;\"><span style=\"font-family: arial, helvetica, sans-serif;\">Ayla Rigouts Terryn, Lieve Macken, Els Lefever, Robert Vander Stichele, Koen Vanneste and Joost Buysschaert (Uni. of Ghent)<\/span><\/td>\n<td style=\"width: 50%; vertical-align: top; height: 24px;\"><span style=\"font-family: arial, helvetica, sans-serif;\"><a href=\"https:\/\/www.asling.org\/tc41\/wp-content\/uploads\/TC41-Proceedings_101-112.pdf\"><strong>Pilot Study on Medical Translations in Lay Language<\/strong><\/a><\/span><\/td>\n<\/tr>\n<tr style=\"height: 24px;\">\n<td style=\"width: 20%; vertical-align: top; height: 24px;\"><span style=\"font-family: arial, helvetica, sans-serif;\">Margita \u0160o\u0161tari\u0107, Nata\u0161a Pavlovi\u0107 and Filip Boltu\u017ei\u0107 (Univ. of Zagreb)<\/span><\/td>\n<td style=\"width: 50%; vertical-align: top; height: 24px;\"><span style=\"font-family: arial, helvetica, sans-serif;\"><a href=\"https:\/\/www.asling.org\/tc41\/wp-content\/uploads\/TC41-Proceedings_113-124.pdf\"><strong>Domain-adapted MT<\/strong><\/a><\/span><\/td>\n<\/tr>\n<tr style=\"height: 24px;\">\n<td style=\"width: 20%; vertical-align: top; height: 24px;\"><span style=\"font-family: arial, helvetica, sans-serif;\">Maria Stasimioti and Vilelmini Sosoni (Ionian University)<\/span><\/td>\n<td style=\"width: 50%; vertical-align: top; height: 24px;\"><span style=\"font-family: arial, helvetica, sans-serif;\"><a href=\"https:\/\/www.asling.org\/tc41\/wp-content\/uploads\/TC41-Proceedings_125-136.pdf\"><strong>Undergraduate Translation Students\u2019 Performance and Attitude towards Machine Translation and Post-editing<\/strong><\/a><\/span><\/td>\n<\/tr>\n<tr style=\"height: 24px;\">\n<td style=\"width: 20%; vertical-align: top; height: 24px;\"><span style=\"font-family: arial, helvetica, sans-serif;\">Andrzej Zydro\u0144 (XTM Int.)<\/span><\/td>\n<td style=\"width: 50%; vertical-align: top; height: 24px;\"><span style=\"font-family: arial, helvetica, sans-serif;\"><a href=\"https:\/\/www.asling.org\/tc41\/wp-content\/uploads\/TC41-Proceedings_137-144.pdf\"><strong>De-demonizing AI<\/strong><\/a><\/span><\/td>\n<\/tr>\n<tr style=\"height: 24px;\">\n<td style=\"width: 20%; vertical-align: top; height: 24px;\"><span style=\"font-family: arial, helvetica, sans-serif;\">Argelia Pe\u00f1a Aguilar (University of Ottawa)<\/span><\/td>\n<td style=\"width: 50%; vertical-align: top; height: 24px;\"><span style=\"font-family: arial, helvetica, sans-serif;\">Short talk: <a href=\"https:\/\/www.asling.org\/tc41\/wp-content\/uploads\/TC41-Proceedings_145-152.pdf\"><strong>Usefulness of Translation Technology Training from Mexican Universities<\/strong><\/a><\/span><\/td>\n<\/tr>\n<\/tbody>\n<\/table>\n","protected":false},"excerpt":{"rendered":"<p>X Full bundle Individual contributions \u00a0 Introduction \u00a0 Contents Josep Bonet (WTO) Innovation in the International Organisation: Can We Do Better? Denis Dechandon (EPO), Maria Recort Ruiz (ILO) and Aniko Gerencser (EPO) Terminology: Towards a Systematic Integration of Semantics and Metadata Emmanuelle Esperan\u00e7a-Rodier, Francis Brunet-Manquat and Sophia Eady (Univ. of Grenoble-Alpes) Accol\u00e9: A Collaborative Platform &#8230; <a title=\"Download the Proceedings\" class=\"read-more\" href=\"https:\/\/www.asling.org\/tc41\/?page_id=2066\" aria-label=\"More on Download the Proceedings\">Read more<\/a><\/p>\n","protected":false},"author":10,"featured_media":0,"parent":0,"menu_order":0,"comment_status":"closed","ping_status":"closed","template":"","meta":{"generate_page_header":"","footnotes":""},"class_list":{"0":"post-2066","1":"page","2":"type-page","3":"status-publish","5":"no-featured-image-padding"},"_links":{"self":[{"href":"https:\/\/www.asling.org\/tc41\/index.php?rest_route=\/wp\/v2\/pages\/2066","targetHints":{"allow":["GET"]}}],"collection":[{"href":"https:\/\/www.asling.org\/tc41\/index.php?rest_route=\/wp\/v2\/pages"}],"about":[{"href":"https:\/\/www.asling.org\/tc41\/index.php?rest_route=\/wp\/v2\/types\/page"}],"author":[{"embeddable":true,"href":"https:\/\/www.asling.org\/tc41\/index.php?rest_route=\/wp\/v2\/users\/10"}],"replies":[{"embeddable":true,"href":"https:\/\/www.asling.org\/tc41\/index.php?rest_route=%2Fwp%2Fv2%2Fcomments&post=2066"}],"version-history":[{"count":0,"href":"https:\/\/www.asling.org\/tc41\/index.php?rest_route=\/wp\/v2\/pages\/2066\/revisions"}],"wp:attachment":[{"href":"https:\/\/www.asling.org\/tc41\/index.php?rest_route=%2Fwp%2Fv2%2Fmedia&parent=2066"}],"curies":[{"name":"wp","href":"https:\/\/api.w.org\/{rel}","templated":true}]}}